{"id":104,"date":"2022-12-02T13:46:13","date_gmt":"2022-12-02T12:46:13","guid":{"rendered":"https:\/\/schomaker-garten.de\/?page_id=104"},"modified":"2025-04-01T16:02:37","modified_gmt":"2025-04-01T14:02:37","slug":"kontakt","status":"publish","type":"page","link":"https:\/\/schomaker-garten.de\/kontakt","title":{"rendered":"Kontakt"},"content":{"rendered":"<section\n  data-category=\"generic\"\n  data-name=\"b-text-two-columns\"\n  class=\"h-pt-0 none h-pb-xl h-pb-l@xl\"\n  >\n  <div class=\"container-xl3\">\n  <div class=\"row\">\n    <div class=\"col-12 col-lg-6\" data-fade-in>\n      <div class=\"s-base\">\n        <p>Treten Sie mit uns in Kontakt und wir helfen Ihnen gerne bei einem Ihrer Anliegen. F\u00fcllen Sie dazu einfach das untenstehende Kontaktformular aus, sodass wir Ihnen in K\u00fcrze weiterhelfen k\u00f6nnen.<\/p>\n\n      <\/div>\n    <\/div>\n    <div class=\"col-12 col-lg-6 h-mt-m h-mt-0@lg\" data-fade-in=\"0.2\">\n      <div class=\"s-base\">\n        <p>Haben Sie bereits unser FAQ angeschaut? Hier finden Sie die am h\u00e4ufigsten gestellten Fragen in Bezug auf jedes unserer Themengebiete.<\/p>\n\n      <\/div>\n    <\/div>\n  <\/div>\n<\/div>\n<\/section>\n\n\n<section\n  data-category=\"generic\"\n  data-name=\"b-simple-button\"\n  class=\"h-pt-0 h-pt-0@xl h-pb-xl h-pb-l@xl\"\n  >\n  <div class=\"o-simple-button\">\n  <div class=\"container-xl3\">\n    <div class=\"row\">\n      <div class=\"col-12\" data-fade-in>\n          <a\n    href=\"https:\/\/schomaker-garten.de\/faq\"\n    title=\"Zu den FAQ\"\n    target=\"_self\"\n    class=\"a-button a-button--solid a-button--icon--arrow-right\"\n      >\n\n  Zu den FAQ\n\n  <\/a>\n      <\/div>\n    <\/div>\n  <\/div>\n<\/div>\n<\/section>\n\n\n<section\n  data-category=\"combined\"\n  data-name=\"b-contact-form\"\n  data-component=\"contact-form\"\n  class=\"b-contact-form h-mb-xxl@lg h-pt-0 none h-pb-xl none\"\n  >\n  <div class=\"h-pt-xl h-pb-xl section-bg section-bg-green\">\n    <div class=\"o-form-w-image\">\n  <div class=\"container-xl3\">\n    <div class=\"row\">\n      <div class=\"col-12 col-md-8 col-lg-6\">\n        \n<div class=\"m-title\">\n        \n<span class='a-h5 m-title__topline h-mb-m'>\n  Kontakformular\n<\/span>\n  \n    <\/div>\n        <div class=\"o-form-w-image__form h-mt-l\">\n          <div class=\"o-form-w-image__form-success s-base js-success hidden\">\n            <p class=\"a-p\">Danke f\u00fcr das Ausf\u00fcllen unseres Formulars!<\/p>\n            <p class=\"a-p\">Ihre Anfrage wurde erfolgreich versendet und wir werden uns schnellstm\u00f6glich bei Ihnen melden.<\/p>\n          <\/div>\n          <div class=\"o-form-w-image__form-error s-base js-error hidden\">\n            <p class=\"a-p\">Es gab einen Fehler beim Senden, versuche es bitte sp\u00e4ter noch einmal.<\/p>\n          <\/div>\n          <form action=\"post\" enctype=\"multipart\/form-data\" class=\"o-form-w-image__form__tag js-form\">\n            <input type=\"hidden\" name=\"Form\" id=\"contact\" class=\"js-form-title-field\" value=\"Kontaktformular\">\n            <div class=\"o-form-w-image__form__field-group o-form-w-image__form__field-group--50\">\n              <div>\n                <label for=\"firstname\">Vorname <span class=\"o-form-w-image__form__field-group__required\">*<\/span><\/label>\n              <\/div>\n              <input type=\"text\" name=\"Vorname\" id=\"firstname\" required>\n            <\/div>\n            <div class=\"o-form-w-image__form__field-group o-form-w-image__form__field-group--50\">\n              <div>\n                <label for=\"lastname\">Nachname <span class=\"o-form-w-image__form__field-group__required\">*<\/span><\/label>\n              <\/div>\n              <input type=\"text\" name=\"Nachname\" id=\"lastname\" required>\n            <\/div>\n            <div class=\"o-form-w-image__form__field-group o-form-w-image__form__field-group--50\">\n              <div>\n                <label for=\"email\">E-Mail <span class=\"o-form-w-image__form__field-group__required\">*<\/span><\/label>\n              <\/div>\n              <input type=\"email\" name=\"E-Mail\" id=\"email\" required>\n            <\/div>\n            <div class=\"o-form-w-image__form__field-group o-form-w-image__form__field-group--50\">\n              <div>\n                <label for=\"phone\">Telefon\/Mobil <span class=\"o-form-w-image__form__field-group__required\">*<\/span><\/label>\n              <\/div>\n              <input type=\"tel\" name=\"Telefon\" id=\"phone\" required>\n            <\/div>\n            <div class=\"o-form-w-image__form__field-group\">\n              <div>\n                <label for=\"topic\" class=\"o-form-w-image__form__flex-group\">Betreff <span class=\"o-form-w-image__form__field-group__required\">*<\/span>\n                <div class=\"m-tooltip\">\n                  \n<svg class='a-icon a-icon--info'><use xlink:href='#icon-info'><\/use><\/svg>\n                  <span class=\"m-tooltip__text\">W\u00e4hlen Sie bitte Ihren Kontaktgrund aus.<\/span>\n                <\/div>\n                <\/label>\n              <\/div>\n              <div class=\"select-wrap\">\n                <select name=\"Betreff\" id=\"topic\" required>\n                  <option value=\"kontakt\" selected>Kontaktaufnahme<\/option>\n                  <option value=\"produktfrage\">Frage zu einem Produkt<\/option>\n                  <option value=\"zusammenarbeit\">Anfrage zur Zusammenarbeit<\/option>\n                  <option value=\"sonstiges\">Sonstiges<\/option>\n                <\/select>\n              <\/div>\n            <\/div>\n            <div class=\"o-form-w-image__form__field-group\">\n              <div>\n                <label for=\"message\">Nachricht <span class=\"o-form-w-image__form__field-group__required\">*<\/span><\/label>\n              <\/div>\n              <textarea name=\"Nachricht\" id=\"message\" rows=\"5\"><\/textarea>\n            <\/div>\n            <div class=\"o-form-w-image__form__field-group\">\n              <div class=\"o-form-w-image__form__checkbox-group\">\n                <input type=\"checkbox\" name=\"Privacy\" id=\"privacy\" required>\n                <label for=\"privacy\"><strong>Ich bin mit der Verarbeitung meiner personenbezogenen Daten zur Bearbeitung meiner Anfrage einverstanden.<\/strong><span class=\"o-form-w-image__form__field-group__required\">*<\/span><\/label>\n              <\/div>\n            <\/div>\n            <div class=\"o-form-w-image__form__field-group\">\n              <button class=\"a-button a-button--icon--arrow-right\" type=\"submit\">Nachricht senden<\/button>\n            <\/div>\n          <\/form>\n        <\/div>\n      <\/div>\n              <div class=\"col-12 col-md-8 col-lg-5 o-form-w-image__image\">\n          \n<picture\n  class=\"a-image \"\n  >\n                                      \n  <img loading=\"lazy\" decoding=\"async\" class=\"a-image-tag\" src=\"https:\/\/schomaker-garten.de\/wp-content\/uploads\/2023\/01\/ruofeng-lei-dHM6TwaUeGw-unsplash-scaled.jpg\" alt=\"Schomaker\" width=\"1440\" height=\"2560\">\n<\/picture>\n        <\/div>\n          <\/div>\n  <\/div>\n<\/div>\n  <\/div>\n<\/section>\n\n<section\n  data-category=\"combined\"\n  data-name=\"b-pre-footer\"\n  class=\"h-pt-0 h-pt-0@xl h-pb-xl h-pb-0@xl\"\n  >\n  <div class=\"o-pre-footer\">\n  \n  <div class=\"o-pre-footer__bottom section-bg section-bg-green\">\n    <div class=\"container-xl3\">\n              <div class=\"row o-pre-footer__cards\">\n                      <div\n              class=\"\n                col-12 col-md-6 col-lg-4\n                \n                h-mt-0@md\n                h-mt-0@lg\n              \"\n              data-fade-in=\"0\"\n            >\n              <a class=\"m-link-card\" href=\"https:\/\/schomaker-garten.de\/faq\" title=\"FAQ\">\n  <div class=\"m-link-card__top\">\n    <div class=\"m-link-card__top__wrap\">\n      \n<h3 class='a-h4 m-link-card__title'>\n  Fragen und Antworten\n<\/h3>\n\n      \n              <div class=\"s-base h-mt-m\">\n          <p>Hier finden Sie Antworten zu den h\u00e4ufigsten Fragen rund um unser Unternehmen, unseren Dienstleistungen und unserem Produktportfolio.<\/p>\n        <\/div>\n          <\/div>\n\n    \n<svg class='a-icon a-icon--arrow-right'><use xlink:href='#icon-arrow-right'><\/use><\/svg>\n  <\/div>\n\n  <\/a>\n            <\/div>\n                      <div\n              class=\"\n                col-12 col-md-6 col-lg-4\n                h-mt-l\n                h-mt-0@md\n                h-mt-0@lg\n              \"\n              data-fade-in=\"0.1\"\n            >\n              <a class=\"m-link-card\" href=\"https:\/\/schomaker-garten.de\/karriere\" title=\"Karriere\">\n  <div class=\"m-link-card__top\">\n    <div class=\"m-link-card__top__wrap\">\n      \n<h3 class='a-h4 m-link-card__title'>\n  Karriere bei Schomaker\n<\/h3>\n\n      \n              <div class=\"s-base h-mt-m\">\n          <p>Sie suchen nach einer neuen Herausforderung und m\u00f6chten Teil unseres dynamischen Familienunternehmens werden?  Dann kommen Sie gerne auf uns zu und bewerben Sie sich bei einem der f\u00fchrenden Unternehmen der deutschen Gartenbranche!<\/p>\n        <\/div>\n          <\/div>\n\n    \n<svg class='a-icon a-icon--arrow-right'><use xlink:href='#icon-arrow-right'><\/use><\/svg>\n  <\/div>\n\n  <\/a>\n            <\/div>\n                      <div\n              class=\"\n                col-12 col-md-6 col-lg-4\n                h-mt-l\n                \n                h-mt-0@lg\n              \"\n              data-fade-in=\"0.2\"\n            >\n              <a class=\"m-link-card\" href=\"https:\/\/schomaker-garten.de\/kooperationspartner\" title=\"Kooperationspartner\">\n  <div class=\"m-link-card__top\">\n    <div class=\"m-link-card__top__wrap\">\n      \n<h3 class='a-h4 m-link-card__title'>\n  Kooperations-Partner\n<\/h3>\n\n      \n              <div class=\"s-base h-mt-m\">\n          <p>Sie suchen einen zuverl\u00e4ssigen Produktions-, Handels-, oder Vertriebspartner und Berater mit langj\u00e4hriger Expertise in der Gartenbranche? Wir unterst\u00fctzen Sie gerne mit unserem Know-How.<\/p>\n        <\/div>\n          <\/div>\n\n    \n<svg class='a-icon a-icon--arrow-right'><use xlink:href='#icon-arrow-right'><\/use><\/svg>\n  <\/div>\n\n  <\/a>\n            <\/div>\n                  <\/div>\n            <div class=\"row o-pre-footer__end\">\n        <div class=\"col-12\">\n          \n\n<span\n  class=\"a-h1 h-mt-l h-mb-l\"\n            data-fade-in\n      >\n  &#8230; macht Pflanzen stark!\n<\/span>\n\n          \n<svg class='a-icon a-icon--plant'><use xlink:href='#icon-plant'><\/use><\/svg>\n        <\/div>\n      <\/div>\n    <\/div>\n  <\/div>\n<\/div>\n<\/section>\n","protected":false},"excerpt":{"rendered":"","protected":false},"author":1,"featured_media":0,"parent":0,"menu_order":0,"comment_status":"closed","ping_status":"closed","template":"","meta":{"_acf_changed":false,"footnotes":""},"class_list":["post-104","page","type-page","status-publish","hentry"],"acf":[],"yoast_head":"<!-- This site is optimized with the Yoast SEO plugin v27.5 - https:\/\/yoast.com\/product\/yoast-seo-wordpress\/ -->\n<title>Kontakt | Schomaker Garten<\/title>\n<meta name=\"description\" content=\"D\u00fcnger- und Blumenerden-Experte seit 1958 \u2013 Wir produzieren und vermarkten D\u00fcnger- und Erdenprodukte f\u00fcr den Handel.\" \/>\n<meta name=\"robots\" content=\"index, follow, max-snippet:-1, max-image-preview:large, max-video-preview:-1\" \/>\n<link rel=\"canonical\" href=\"https:\/\/schomaker-garten.de\/kontakt\" \/>\n<meta property=\"og:locale\" content=\"de_DE\" \/>\n<meta property=\"og:type\" content=\"article\" \/>\n<meta property=\"og:title\" content=\"Kontakt | Schomaker Garten\" \/>\n<meta property=\"og:description\" content=\"D\u00fcnger- und Blumenerden-Experte seit 1958 \u2013 Wir produzieren und vermarkten D\u00fcnger- und Erdenprodukte f\u00fcr den Handel.\" \/>\n<meta property=\"og:url\" content=\"https:\/\/schomaker-garten.de\/kontakt\" \/>\n<meta property=\"og:site_name\" content=\"Schomaker\" \/>\n<meta property=\"article:modified_time\" content=\"2025-04-01T14:02:37+00:00\" \/>\n<meta name=\"twitter:card\" content=\"summary_large_image\" \/>\n<script type=\"application\/ld+json\" class=\"yoast-schema-graph\">{\"@context\":\"https:\\\/\\\/schema.org\",\"@graph\":[{\"@type\":\"WebPage\",\"@id\":\"https:\\\/\\\/schomaker-garten.de\\\/kontakt\",\"url\":\"https:\\\/\\\/schomaker-garten.de\\\/kontakt\",\"name\":\"Kontakt | Schomaker Garten\",\"isPartOf\":{\"@id\":\"https:\\\/\\\/schomaker-garten.de\\\/#website\"},\"datePublished\":\"2022-12-02T12:46:13+00:00\",\"dateModified\":\"2025-04-01T14:02:37+00:00\",\"description\":\"D\u00fcnger- und Blumenerden-Experte seit 1958 \u2013 Wir produzieren und vermarkten D\u00fcnger- und Erdenprodukte f\u00fcr den Handel.\",\"breadcrumb\":{\"@id\":\"https:\\\/\\\/schomaker-garten.de\\\/kontakt#breadcrumb\"},\"inLanguage\":\"de\",\"potentialAction\":[{\"@type\":\"ReadAction\",\"target\":[\"https:\\\/\\\/schomaker-garten.de\\\/kontakt\"]}]},{\"@type\":\"BreadcrumbList\",\"@id\":\"https:\\\/\\\/schomaker-garten.de\\\/kontakt#breadcrumb\",\"itemListElement\":[{\"@type\":\"ListItem\",\"position\":1,\"name\":\"Home\",\"item\":\"https:\\\/\\\/schomaker-garten.de\\\/\"},{\"@type\":\"ListItem\",\"position\":2,\"name\":\"Kontakt\"}]},{\"@type\":\"WebSite\",\"@id\":\"https:\\\/\\\/schomaker-garten.de\\\/#website\",\"url\":\"https:\\\/\\\/schomaker-garten.de\\\/\",\"name\":\"Schomaker Gartenprodukte\",\"description\":\"\",\"publisher\":{\"@id\":\"https:\\\/\\\/schomaker-garten.de\\\/#organization\"},\"alternateName\":\"Schomaker Garten\",\"potentialAction\":[{\"@type\":\"SearchAction\",\"target\":{\"@type\":\"EntryPoint\",\"urlTemplate\":\"https:\\\/\\\/schomaker-garten.de\\\/?s={search_term_string}\"},\"query-input\":{\"@type\":\"PropertyValueSpecification\",\"valueRequired\":true,\"valueName\":\"search_term_string\"}}],\"inLanguage\":\"de\"},{\"@type\":\"Organization\",\"@id\":\"https:\\\/\\\/schomaker-garten.de\\\/#organization\",\"name\":\"Schomaker Gartenprodukte GmbH & Co. KG\",\"alternateName\":\"Schomaker Garten\",\"url\":\"https:\\\/\\\/schomaker-garten.de\\\/\",\"logo\":{\"@type\":\"ImageObject\",\"inLanguage\":\"de\",\"@id\":\"https:\\\/\\\/schomaker-garten.de\\\/#\\\/schema\\\/logo\\\/image\\\/\",\"url\":\"https:\\\/\\\/schomaker-garten.de\\\/wp-content\\\/uploads\\\/2022\\\/12\\\/shom-logo-big.png\",\"contentUrl\":\"https:\\\/\\\/schomaker-garten.de\\\/wp-content\\\/uploads\\\/2022\\\/12\\\/shom-logo-big.png\",\"width\":501,\"height\":209,\"caption\":\"Schomaker Gartenprodukte GmbH & Co. KG\"},\"image\":{\"@id\":\"https:\\\/\\\/schomaker-garten.de\\\/#\\\/schema\\\/logo\\\/image\\\/\"},\"sameAs\":[\"https:\\\/\\\/www.linkedin.com\\\/company\\\/schomaker-garten\"]}]}<\/script>\n<!-- \/ Yoast SEO plugin. -->","yoast_head_json":{"title":"Kontakt | Schomaker Garten","description":"D\u00fcnger- und Blumenerden-Experte seit 1958 \u2013 Wir produzieren und vermarkten D\u00fcnger- und Erdenprodukte f\u00fcr den Handel.","robots":{"index":"index","follow":"follow","max-snippet":"max-snippet:-1","max-image-preview":"max-image-preview:large","max-video-preview":"max-video-preview:-1"},"canonical":"https:\/\/schomaker-garten.de\/kontakt","og_locale":"de_DE","og_type":"article","og_title":"Kontakt | Schomaker Garten","og_description":"D\u00fcnger- und Blumenerden-Experte seit 1958 \u2013 Wir produzieren und vermarkten D\u00fcnger- und Erdenprodukte f\u00fcr den Handel.","og_url":"https:\/\/schomaker-garten.de\/kontakt","og_site_name":"Schomaker","article_modified_time":"2025-04-01T14:02:37+00:00","twitter_card":"summary_large_image","schema":{"@context":"https:\/\/schema.org","@graph":[{"@type":"WebPage","@id":"https:\/\/schomaker-garten.de\/kontakt","url":"https:\/\/schomaker-garten.de\/kontakt","name":"Kontakt | Schomaker Garten","isPartOf":{"@id":"https:\/\/schomaker-garten.de\/#website"},"datePublished":"2022-12-02T12:46:13+00:00","dateModified":"2025-04-01T14:02:37+00:00","description":"D\u00fcnger- und Blumenerden-Experte seit 1958 \u2013 Wir produzieren und vermarkten D\u00fcnger- und Erdenprodukte f\u00fcr den Handel.","breadcrumb":{"@id":"https:\/\/schomaker-garten.de\/kontakt#breadcrumb"},"inLanguage":"de","potentialAction":[{"@type":"ReadAction","target":["https:\/\/schomaker-garten.de\/kontakt"]}]},{"@type":"BreadcrumbList","@id":"https:\/\/schomaker-garten.de\/kontakt#breadcrumb","itemListElement":[{"@type":"ListItem","position":1,"name":"Home","item":"https:\/\/schomaker-garten.de\/"},{"@type":"ListItem","position":2,"name":"Kontakt"}]},{"@type":"WebSite","@id":"https:\/\/schomaker-garten.de\/#website","url":"https:\/\/schomaker-garten.de\/","name":"Schomaker Gartenprodukte","description":"","publisher":{"@id":"https:\/\/schomaker-garten.de\/#organization"},"alternateName":"Schomaker Garten","potentialAction":[{"@type":"SearchAction","target":{"@type":"EntryPoint","urlTemplate":"https:\/\/schomaker-garten.de\/?s={search_term_string}"},"query-input":{"@type":"PropertyValueSpecification","valueRequired":true,"valueName":"search_term_string"}}],"inLanguage":"de"},{"@type":"Organization","@id":"https:\/\/schomaker-garten.de\/#organization","name":"Schomaker Gartenprodukte GmbH & Co. KG","alternateName":"Schomaker Garten","url":"https:\/\/schomaker-garten.de\/","logo":{"@type":"ImageObject","inLanguage":"de","@id":"https:\/\/schomaker-garten.de\/#\/schema\/logo\/image\/","url":"https:\/\/schomaker-garten.de\/wp-content\/uploads\/2022\/12\/shom-logo-big.png","contentUrl":"https:\/\/schomaker-garten.de\/wp-content\/uploads\/2022\/12\/shom-logo-big.png","width":501,"height":209,"caption":"Schomaker Gartenprodukte GmbH & Co. KG"},"image":{"@id":"https:\/\/schomaker-garten.de\/#\/schema\/logo\/image\/"},"sameAs":["https:\/\/www.linkedin.com\/company\/schomaker-garten"]}]}},"_links":{"self":[{"href":"https:\/\/schomaker-garten.de\/wordpress\/wp-json\/wp\/v2\/pages\/104","targetHints":{"allow":["GET"]}}],"collection":[{"href":"https:\/\/schomaker-garten.de\/wordpress\/wp-json\/wp\/v2\/pages"}],"about":[{"href":"https:\/\/schomaker-garten.de\/wordpress\/wp-json\/wp\/v2\/types\/page"}],"author":[{"embeddable":true,"href":"https:\/\/schomaker-garten.de\/wordpress\/wp-json\/wp\/v2\/users\/1"}],"replies":[{"embeddable":true,"href":"https:\/\/schomaker-garten.de\/wordpress\/wp-json\/wp\/v2\/comments?post=104"}],"version-history":[{"count":32,"href":"https:\/\/schomaker-garten.de\/wordpress\/wp-json\/wp\/v2\/pages\/104\/revisions"}],"predecessor-version":[{"id":2087,"href":"https:\/\/schomaker-garten.de\/wordpress\/wp-json\/wp\/v2\/pages\/104\/revisions\/2087"}],"wp:attachment":[{"href":"https:\/\/schomaker-garten.de\/wordpress\/wp-json\/wp\/v2\/media?parent=104"}],"curies":[{"name":"wp","href":"https:\/\/api.w.org\/{rel}","templated":true}]}}